{"id":342,"date":"2015-09-15T11:09:58","date_gmt":"2015-09-15T11:09:58","guid":{"rendered":"http:\/\/pixel-industry.com\/dummy_wp\/trucking\/?page_id=10"},"modified":"2019-06-01T10:51:33","modified_gmt":"2019-06-01T08:51:33","slug":"contact-locations","status":"publish","type":"page","link":"http:\/\/europe-automotiwe.eu\/en_GB\/contact-locations\/","title":{"rendered":"Contact"},"content":{"rendered":"<section class=\"page-content\">\n<section class=\"container\">\n<div class=\"row\">\n<div class=\"col-md-6 \">\n<div class=\"custom-heading\">\u00a0<\/div>\n<div class=\"cma-wysiwyg-editor\">\n<h2><span style=\"text-decoration: underline; color: #ffffff;\">Managing director<\/span><\/h2>\n<p><strong>Marian Chytil\u00a0<\/strong><\/p>\n<p>\u0160kolsk\u00e1 14, 94657 Sv\u00e4t\u00fd Peter,<\/p>\n<p>Phone (Hun): +36 70 564 80 44<\/p>\n<p>Phone (SVK): +421 904 372 544<\/p>\n<p><a href=\"mailto:marian.chytil@europe-automotiwe.eu\">marian.chytil@europe-automotiwe.eu<\/a><\/p>\n<h2><span style=\"text-decoration: underline; color: #ffffff;\"><em>Project Leader<\/em><\/span><\/h2>\n<p><strong>Ing. Daniel Bohu\u0161\u00a0<\/strong><\/p>\n<p>Phone (Hun): +36 307 212 404<\/p>\n<p>Phone (SVK): +421 908 248 513<\/p>\n<p><a href=\"mailto:daniel.bohus@europe-automotiwe.eu\">daniel.bohus@europe-automotiwe.eu<\/a><\/p>\n<h2><span style=\"text-decoration: underline; color: #ffffff;\">Resident Engineer<\/span><\/h2>\n<p><strong>Ing. Martin Chytil\u00a0<\/strong><\/p>\n<p>Phone (SVK): +421 910 814 444<\/p>\n<p><a href=\"mailto:martin.chytil@europe-automotiwe.eu\">martin.chytil@europe-automotiwe.eu<\/a><\/p>\n<\/div>\n<\/div>\n<div class=\"col-md-6 \">\n<div id=\"cma-widget-WP_Widget_Text-3\" class=\"cma-wp-widget widget widget_text cma_widget_text\">\n<div class=\"textwidget\"><div role=\"form\" class=\"wpcf7\" id=\"wpcf7-f716-o1\" lang=\"sk-SK\" dir=\"ltr\">\n<div class=\"screen-reader-response\"><\/div>\n<form action=\"\/en_GB\/wp-json\/wp\/v2\/pages\/342#wpcf7-f716-o1\" method=\"post\" class=\"wpcf7-form\" novalidate=\"novalidate\">\n<div style=\"display: none;\">\n<input type=\"hidden\" name=\"_wpcf7\" value=\"716\" \/>\n<input type=\"hidden\" name=\"_wpcf7_version\" value=\"4.3.1\" \/>\n<input type=\"hidden\" name=\"_wpcf7_locale\" value=\"sk_SK\" \/>\n<input type=\"hidden\" name=\"_wpcf7_unit_tag\" value=\"wpcf7-f716-o1\" \/>\n<input type=\"hidden\" name=\"_wpnonce\" value=\"344e57d50d\" \/>\n<\/div>\n<p>Your name<br \/>\n    <span class=\"wpcf7-form-control-wrap your-name\"><input type=\"text\" name=\"your-name\" value=\"\" size=\"40\" class=\"wpcf7-form-control wpcf7-text wpcf7-validates-as-required\" aria-required=\"true\" aria-invalid=\"false\" \/><\/span> <\/p>\n<p>Email<br \/>\n    <span class=\"wpcf7-form-control-wrap your-email\"><input type=\"email\" name=\"your-email\" value=\"\" size=\"40\" class=\"wpcf7-form-control wpcf7-text wpcf7-email wpcf7-validates-as-required wpcf7-validates-as-email\" aria-required=\"true\" aria-invalid=\"false\" \/><\/span> <\/p>\n<p>Subject<br \/>\n    <span class=\"wpcf7-form-control-wrap your-subject\"><input type=\"text\" name=\"your-subject\" value=\"\" size=\"40\" class=\"wpcf7-form-control wpcf7-text\" aria-invalid=\"false\" \/><\/span> <\/p>\n<p>Message<br \/>\n    <span class=\"wpcf7-form-control-wrap your-message\"><textarea name=\"your-message\" cols=\"40\" rows=\"10\" class=\"wpcf7-form-control wpcf7-textarea\" aria-invalid=\"false\"><\/textarea><\/span> <\/p>\n<p><input type=\"submit\" value=\"Send\" class=\"wpcf7-form-control wpcf7-submit\" \/><\/p>\n<div class=\"wpcf7-response-output wpcf7-display-none\"><\/div><\/form><\/div><\/div>\n<\/div>\n<\/div>\n<\/div>\n<\/section>\n<\/section>\n<section class=\"page-content pt-0 custom-background color-background dark\" style=\"background-color: #2c3741; margin-bottom: 70px;\">\n<section class=\"container-fluid\" style=\"padding-left: 0; padding-right: 0; background-color: #2c3741;\">\n<div class=\"row row-equal-height\" style=\"margin-bottom: 0px;\">\n<div class=\"col-md-2  empty\" style=\"padding-top: 50px; padding-bottom: 50px;\">\n<div class=\"custom-heading\">\n<h3>Our vision<\/h3>\n<\/p><\/div>\n<ul class=\"service-list clearfix white\">\n<li>\n<div class=\"icon-container\">\n<div class=\"icon\">\n                                   <i class=\"fa fa-check\"><\/i>\n                                <\/div>\n<\/p><\/div>\n<h4>To create value<\/h4>\n<\/li>\n<li>\n<div class=\"icon-container\">\n<div class=\"icon\">\n                                   <i class=\"fa fa-check\"><\/i>\n                                <\/div>\n<\/p><\/div>\n<h4>To support customer with profession and honesty <\/h4>\n<\/li>\n<li>\n<div class=\"icon-container\">\n<div class=\"icon\">\n                                   <i class=\"fa fa-check\"><\/i>\n                                <\/div>\n<\/p><\/div>\n<h4>To make quality coming first<\/h4>\n<\/li>\n<\/ul>\n<\/div>\n<div class=\"col-md-6  empty custom-background image-background\" style=\"background: url(http:\/\/europe-automotiwe.eu\/wp-content\/uploads\/2015\/12\/bottom.jpg);\"><\/div>\n<\/div>\n<\/section>\n<\/section>\n","protected":false},"excerpt":{"rendered":"<p>\u00a0 Managing director Marian Chytil\u00a0 \u0160kolsk\u00e1 14, 94657 Sv\u00e4t\u00fd Peter, Phone (Hun): +36 70 564 80 44 Phone (SVK): +421 904 372 544 marian.chytil@europe-automotiwe.eu Project Leader Ing. Daniel Bohu\u0161\u00a0 Phone (Hun): +36 307 212 404 Phone (SVK): +421 908 248 [&hellip;]<\/p>\n","protected":false},"author":1,"featured_media":0,"parent":0,"menu_order":0,"comment_status":"closed","ping_status":"closed","template":"","meta":[],"_links":{"self":[{"href":"http:\/\/europe-automotiwe.eu\/en_GB\/wp-json\/wp\/v2\/pages\/342"}],"collection":[{"href":"http:\/\/europe-automotiwe.eu\/en_GB\/wp-json\/wp\/v2\/pages"}],"about":[{"href":"http:\/\/europe-automotiwe.eu\/en_GB\/wp-json\/wp\/v2\/types\/page"}],"author":[{"embeddable":true,"href":"http:\/\/europe-automotiwe.eu\/en_GB\/wp-json\/wp\/v2\/users\/1"}],"replies":[{"embeddable":true,"href":"http:\/\/europe-automotiwe.eu\/en_GB\/wp-json\/wp\/v2\/comments?post=342"}],"version-history":[{"count":7,"href":"http:\/\/europe-automotiwe.eu\/en_GB\/wp-json\/wp\/v2\/pages\/342\/revisions"}],"predecessor-version":[{"id":1054,"href":"http:\/\/europe-automotiwe.eu\/en_GB\/wp-json\/wp\/v2\/pages\/342\/revisions\/1054"}],"wp:attachment":[{"href":"http:\/\/europe-automotiwe.eu\/en_GB\/wp-json\/wp\/v2\/media?parent=342"}],"curies":[{"name":"wp","href":"https:\/\/api.w.org\/{rel}","templated":true}]}}